{"id":5082,"date":"2024-10-15T20:44:01","date_gmt":"2024-10-15T20:44:01","guid":{"rendered":"https:\/\/go-dyno.com\/kontakti\/"},"modified":"2025-10-07T14:18:26","modified_gmt":"2025-10-07T14:18:26","slug":"kontakt","status":"publish","type":"page","link":"https:\/\/go-dyno.com\/sl\/kontakt\/","title":{"rendered":"Kontakt"},"content":{"rendered":"\t\t<div data-elementor-type=\"wp-page\" data-elementor-id=\"5082\" class=\"elementor elementor-5082 elementor-18\" data-elementor-post-type=\"page\">\n\t\t\t\t<div class=\"elementor-element elementor-element-b8a40bc e-flex e-con-boxed e-con e-parent\" data-id=\"b8a40bc\" data-element_type=\"container\" data-settings=\"{&quot;background_background&quot;:&quot;classic&quot;}\">\n\t\t\t\t\t<div class=\"e-con-inner\">\n\t\t<div class=\"elementor-element elementor-element-66b4310 e-con-full e-flex e-con e-child\" data-id=\"66b4310\" data-element_type=\"container\">\n\t\t<div class=\"elementor-element elementor-element-ba57232 e-con-full e-flex e-con e-child\" data-id=\"ba57232\" data-element_type=\"container\">\n\t\t\t\t<div class=\"elementor-element elementor-element-5c2d71e elementor-widget elementor-widget-heading\" data-id=\"5c2d71e\" data-element_type=\"widget\" data-widget_type=\"heading.default\">\n\t\t\t\t<div class=\"elementor-widget-container\">\n\t\t\t\t\t<h6 class=\"elementor-heading-title elementor-size-default\">Kontakt<\/h6>\t\t\t\t<\/div>\n\t\t\t\t<\/div>\n\t\t\t\t<div class=\"elementor-element elementor-element-3b855a5 elementor-view-default elementor-widget elementor-widget-icon\" data-id=\"3b855a5\" data-element_type=\"widget\" data-widget_type=\"icon.default\">\n\t\t\t\t<div class=\"elementor-widget-container\">\n\t\t\t\t\t\t\t<div class=\"elementor-icon-wrapper\">\n\t\t\t<div class=\"elementor-icon\">\n\t\t\t<svg aria-hidden=\"true\" class=\"e-font-icon-svg e-fas-angle-double-right\" viewBox=\"0 0 448 512\" xmlns=\"http:\/\/www.w3.org\/2000\/svg\"><path d=\"M224.3 273l-136 136c-9.4 9.4-24.6 9.4-33.9 0l-22.6-22.6c-9.4-9.4-9.4-24.6 0-33.9l96.4-96.4-96.4-96.4c-9.4-9.4-9.4-24.6 0-33.9L54.3 103c9.4-9.4 24.6-9.4 33.9 0l136 136c9.5 9.4 9.5 24.6.1 34zm192-34l-136-136c-9.4-9.4-24.6-9.4-33.9 0l-22.6 22.6c-9.4 9.4-9.4 24.6 0 33.9l96.4 96.4-96.4 96.4c-9.4 9.4-9.4 24.6 0 33.9l22.6 22.6c9.4 9.4 24.6 9.4 33.9 0l136-136c9.4-9.2 9.4-24.4 0-33.8z\"><\/path><\/svg>\t\t\t<\/div>\n\t\t<\/div>\n\t\t\t\t\t\t<\/div>\n\t\t\t\t<\/div>\n\t\t\t\t<\/div>\n\t\t\t\t<div class=\"elementor-element elementor-element-9a9a111 elementor-widget__width-initial elementor-widget elementor-widget-heading\" data-id=\"9a9a111\" data-element_type=\"widget\" data-widget_type=\"heading.default\">\n\t\t\t\t<div class=\"elementor-widget-container\">\n\t\t\t\t\t<h1 class=\"elementor-heading-title elementor-size-default\">info@go-dyno.com<\/h1>\t\t\t\t<\/div>\n\t\t\t\t<\/div>\n\t\t<div class=\"elementor-element elementor-element-c808d19 e-con-full e-flex e-con e-child\" data-id=\"c808d19\" data-element_type=\"container\">\n\t\t\t\t<div class=\"elementor-element elementor-element-1c109c1 elementor-position-left elementor-vertical-align-middle elementor-widget__width-initial elementor-view-default elementor-mobile-position-top elementor-widget elementor-widget-icon-box\" data-id=\"1c109c1\" data-element_type=\"widget\" data-widget_type=\"icon-box.default\">\n\t\t\t\t<div class=\"elementor-widget-container\">\n\t\t\t\t\t\t\t<div class=\"elementor-icon-box-wrapper\">\n\n\t\t\t\t\t\t<div class=\"elementor-icon-box-icon\">\n\t\t\t\t<span  class=\"elementor-icon\">\n\t\t\t\t<svg aria-hidden=\"true\" class=\"e-font-icon-svg e-far-envelope-open\" viewBox=\"0 0 512 512\" xmlns=\"http:\/\/www.w3.org\/2000\/svg\"><path d=\"M494.586 164.516c-4.697-3.883-111.723-89.95-135.251-108.657C337.231 38.191 299.437 0 256 0c-43.205 0-80.636 37.717-103.335 55.859-24.463 19.45-131.07 105.195-135.15 108.549A48.004 48.004 0 0 0 0 201.485V464c0 26.51 21.49 48 48 48h416c26.51 0 48-21.49 48-48V201.509a48 48 0 0 0-17.414-36.993zM464 458a6 6 0 0 1-6 6H54a6 6 0 0 1-6-6V204.347c0-1.813.816-3.526 2.226-4.665 15.87-12.814 108.793-87.554 132.364-106.293C200.755 78.88 232.398 48 256 48c23.693 0 55.857 31.369 73.41 45.389 23.573 18.741 116.503 93.493 132.366 106.316a5.99 5.99 0 0 1 2.224 4.663V458zm-31.991-187.704c4.249 5.159 3.465 12.795-1.745 16.981-28.975 23.283-59.274 47.597-70.929 56.863C336.636 362.283 299.205 400 256 400c-43.452 0-81.287-38.237-103.335-55.86-11.279-8.967-41.744-33.413-70.927-56.865-5.21-4.187-5.993-11.822-1.745-16.981l15.258-18.528c4.178-5.073 11.657-5.843 16.779-1.726 28.618 23.001 58.566 47.035 70.56 56.571C200.143 320.631 232.307 352 256 352c23.602 0 55.246-30.88 73.41-45.389 11.994-9.535 41.944-33.57 70.563-56.568 5.122-4.116 12.601-3.346 16.778 1.727l15.258 18.526z\"><\/path><\/svg>\t\t\t\t<\/span>\n\t\t\t<\/div>\n\t\t\t\n\t\t\t\t\t\t<div class=\"elementor-icon-box-content\">\n\n\t\t\t\t\t\t\t\t\t<h3 class=\"elementor-icon-box-title\">\n\t\t\t\t\t\t<span  >\n\t\t\t\t\t\t\tE-po\u0161ta\t\t\t\t\t\t<\/span>\n\t\t\t\t\t<\/h3>\n\t\t\t\t\n\t\t\t\t\t\t\t\t\t<p class=\"elementor-icon-box-description\">\n\t\t\t\t\t\tinfo@go-dyno.com\t\t\t\t\t<\/p>\n\t\t\t\t\n\t\t\t<\/div>\n\t\t\t\n\t\t<\/div>\n\t\t\t\t\t\t<\/div>\n\t\t\t\t<\/div>\n\t\t\t\t<div class=\"elementor-element elementor-element-d7ec1f8 elementor-position-left elementor-vertical-align-middle elementor-widget__width-initial elementor-view-default elementor-mobile-position-top elementor-widget elementor-widget-icon-box\" data-id=\"d7ec1f8\" data-element_type=\"widget\" data-widget_type=\"icon-box.default\">\n\t\t\t\t<div class=\"elementor-widget-container\">\n\t\t\t\t\t\t\t<div class=\"elementor-icon-box-wrapper\">\n\n\t\t\t\t\t\t<div class=\"elementor-icon-box-icon\">\n\t\t\t\t<span  class=\"elementor-icon\">\n\t\t\t\t<svg aria-hidden=\"true\" class=\"e-font-icon-svg e-fas-map-signs\" viewBox=\"0 0 512 512\" xmlns=\"http:\/\/www.w3.org\/2000\/svg\"><path d=\"M507.31 84.69L464 41.37c-6-6-14.14-9.37-22.63-9.37H288V16c0-8.84-7.16-16-16-16h-32c-8.84 0-16 7.16-16 16v16H56c-13.25 0-24 10.75-24 24v80c0 13.25 10.75 24 24 24h385.37c8.49 0 16.62-3.37 22.63-9.37l43.31-43.31c6.25-6.26 6.25-16.38 0-22.63zM224 496c0 8.84 7.16 16 16 16h32c8.84 0 16-7.16 16-16V384h-64v112zm232-272H288v-32h-64v32H70.63c-8.49 0-16.62 3.37-22.63 9.37L4.69 276.69c-6.25 6.25-6.25 16.38 0 22.63L48 342.63c6 6 14.14 9.37 22.63 9.37H456c13.25 0 24-10.75 24-24v-80c0-13.25-10.75-24-24-24z\"><\/path><\/svg>\t\t\t\t<\/span>\n\t\t\t<\/div>\n\t\t\t\n\t\t\t\t\t\t<div class=\"elementor-icon-box-content\">\n\n\t\t\t\t\t\t\t\t\t<h3 class=\"elementor-icon-box-title\">\n\t\t\t\t\t\t<span  >\n\t\t\t\t\t\t\tPisarna\t\t\t\t\t\t<\/span>\n\t\t\t\t\t<\/h3>\n\t\t\t\t\n\t\t\t\t\t\t\t\t\t<p class=\"elementor-icon-box-description\">\n\t\t\t\t\t\t\u0160martno ob Paki 84c\t\t\t\t\t<\/p>\n\t\t\t\t\n\t\t\t<\/div>\n\t\t\t\n\t\t<\/div>\n\t\t\t\t\t\t<\/div>\n\t\t\t\t<\/div>\n\t\t\t\t<\/div>\n\t\t<div class=\"elementor-element elementor-element-9691a46 e-con-full e-flex e-con e-child\" data-id=\"9691a46\" data-element_type=\"container\">\n\t\t\t\t<div class=\"elementor-element elementor-element-deafed4 elementor-widget__width-initial elementor-widget elementor-widget-image\" data-id=\"deafed4\" data-element_type=\"widget\" data-widget_type=\"image.default\">\n\t\t\t\t<div class=\"elementor-widget-container\">\n\t\t\t\t\t\t\t\t\t\t\t\t\t\t\t<img decoding=\"async\" width=\"64\" height=\"64\" src=\"https:\/\/go-dyno.com\/wp-content\/uploads\/2024\/10\/report-white.webp\" class=\"attachment-large size-large wp-image-5084\" alt=\"Go dyno 2WD in 4WD \u0161asijski dinamometer\" \/>\t\t\t\t\t\t\t\t\t\t\t\t\t\t\t<\/div>\n\t\t\t\t<\/div>\n\t\t\t\t<div class=\"elementor-element elementor-element-bf985c9 elementor-vertical-align-middle elementor-widget__width-initial elementor-widget elementor-widget-icon-box\" data-id=\"bf985c9\" data-element_type=\"widget\" data-widget_type=\"icon-box.default\">\n\t\t\t\t<div class=\"elementor-widget-container\">\n\t\t\t\t\t\t\t<div class=\"elementor-icon-box-wrapper\">\n\n\t\t\t\n\t\t\t\t\t\t<div class=\"elementor-icon-box-content\">\n\n\t\t\t\t\t\t\t\t\t<h3 class=\"elementor-icon-box-title\">\n\t\t\t\t\t\t<span  >\n\t\t\t\t\t\t\tPokli\u010dite +386 51 676 677\t\t\t\t\t\t<\/span>\n\t\t\t\t\t<\/h3>\n\t\t\t\t\n\t\t\t\t\t\t\t\t\t<p class=\"elementor-icon-box-description\">\n\t\t\t\t\t\tCARPRO d.o.o.\n\u0160martno ob Paki 84c, <br>3327 \u0160martno ob Paki, <br>Slovenia (EU)<br><br><br>EU VAT ID: SI14262487<br>www.go-dyno.com\t\t\t\t\t<\/p>\n\t\t\t\t\n\t\t\t<\/div>\n\t\t\t\n\t\t<\/div>\n\t\t\t\t\t\t<\/div>\n\t\t\t\t<\/div>\n\t\t\t\t<\/div>\n\t\t\t\t<\/div>\n\t\t<div class=\"elementor-element elementor-element-5a44450 e-con-full e-flex e-con e-child\" data-id=\"5a44450\" data-element_type=\"container\" data-settings=\"{&quot;background_background&quot;:&quot;classic&quot;}\">\n\t\t\t\t<div class=\"elementor-element elementor-element-b341ccd elementor-mobile-button-align-stretch elementor-widget elementor-widget-form\" data-id=\"b341ccd\" data-element_type=\"widget\" data-settings=\"{&quot;step_next_label&quot;:&quot;Naprej&quot;,&quot;step_previous_label&quot;:&quot;Nazaj&quot;,&quot;step_type&quot;:&quot;number_text&quot;,&quot;step_icon_shape&quot;:&quot;circle&quot;}\" data-widget_type=\"form.default\">\n\t\t\t\t<div class=\"elementor-widget-container\">\n\t\t\t\t\t\t\t<form class=\"elementor-form\" method=\"post\" name=\"Nov obrazec\">\n\t\t\t<input type=\"hidden\" name=\"post_id\" value=\"5082\"\/>\n\t\t\t<input type=\"hidden\" name=\"form_id\" value=\"b341ccd\"\/>\n\t\t\t<input type=\"hidden\" name=\"referer_title\" value=\"Dynamometer | Chassis dyno by GoDyno\" \/>\n\n\t\t\t\n\t\t\t<div class=\"elementor-form-fields-wrapper elementor-labels-\">\n\t\t\t\t\t\t\t\t<div class=\"elementor-field-type-text elementor-field-group elementor-column elementor-field-group-name elementor-col-100\">\n\t\t\t\t\t\t\t\t\t\t\t\t<label for=\"form-field-name\" class=\"elementor-field-label elementor-screen-only\">\n\t\t\t\t\t\t\t\tIme\t\t\t\t\t\t\t<\/label>\n\t\t\t\t\t\t\t\t\t\t\t\t\t\t<input size=\"1\" type=\"text\" name=\"form_fields[name]\" id=\"form-field-name\" class=\"elementor-field elementor-size-lg  elementor-field-textual\" placeholder=\"Ime\">\n\t\t\t\t\t\t\t\t\t\t\t<\/div>\n\t\t\t\t\t\t\t\t<div class=\"elementor-field-type-email elementor-field-group elementor-column elementor-field-group-email elementor-col-100 elementor-field-required\">\n\t\t\t\t\t\t\t\t\t\t\t\t<label for=\"form-field-email\" class=\"elementor-field-label elementor-screen-only\">\n\t\t\t\t\t\t\t\tE-po\u0161ta\t\t\t\t\t\t\t<\/label>\n\t\t\t\t\t\t\t\t\t\t\t\t\t\t<input size=\"1\" type=\"email\" name=\"form_fields[email]\" id=\"form-field-email\" class=\"elementor-field elementor-size-lg  elementor-field-textual\" placeholder=\"E-po\u0161ta\" required=\"required\">\n\t\t\t\t\t\t\t\t\t\t\t<\/div>\n\t\t\t\t\t\t\t\t<div class=\"elementor-field-type-text elementor-field-group elementor-column elementor-field-group-field_cfd8bc0 elementor-col-100\">\n\t\t\t\t\t\t\t\t\t\t\t\t<label for=\"form-field-field_cfd8bc0\" class=\"elementor-field-label elementor-screen-only\">\n\t\t\t\t\t\t\t\tTelefon\t\t\t\t\t\t\t<\/label>\n\t\t\t\t\t\t\t\t\t\t\t\t\t\t<input size=\"1\" type=\"text\" name=\"form_fields[field_cfd8bc0]\" id=\"form-field-field_cfd8bc0\" class=\"elementor-field elementor-size-lg  elementor-field-textual\" placeholder=\"Telefon\">\n\t\t\t\t\t\t\t\t\t\t\t<\/div>\n\t\t\t\t\t\t\t\t<div class=\"elementor-field-type-textarea elementor-field-group elementor-column elementor-field-group-message elementor-col-100\">\n\t\t\t\t\t\t\t\t\t\t\t\t<label for=\"form-field-message\" class=\"elementor-field-label elementor-screen-only\">\n\t\t\t\t\t\t\t\tSporo\u010dilo\t\t\t\t\t\t\t<\/label>\n\t\t\t\t\t\t<textarea class=\"elementor-field-textual elementor-field  elementor-size-lg\" name=\"form_fields[message]\" id=\"form-field-message\" rows=\"4\" placeholder=\"Sporo\u010dilo\"><\/textarea>\t\t\t\t<\/div>\n\t\t\t\t\t\t\t\t<div class=\"elementor-field-type-recaptcha_v3 elementor-field-group elementor-column elementor-field-group-field_99fe841 elementor-col-100 recaptcha_v3-bottomright\">\n\t\t\t\t\t<div class=\"elementor-field\" id=\"form-field-field_99fe841\"><div class=\"elementor-g-recaptcha\" data-sitekey=\"6LfBlC8rAAAAACN-04dIFE4uBax83EiPd_j3Pd-L\" data-type=\"v3\" data-action=\"Form\" data-badge=\"bottomright\" data-size=\"invisible\"><\/div><\/div>\t\t\t\t<\/div>\n\t\t\t\t\t\t\t\t<div class=\"elementor-field-group elementor-column elementor-field-type-submit elementor-col-100 e-form__buttons\">\n\t\t\t\t\t<button class=\"elementor-button elementor-size-sm\" type=\"submit\">\n\t\t\t\t\t\t<span class=\"elementor-button-content-wrapper\">\n\t\t\t\t\t\t\t\t\t\t\t\t\t\t\t\t\t\t\t\t\t\t<span class=\"elementor-button-text\">Po\u0161lji<\/span>\n\t\t\t\t\t\t\t\t\t\t\t\t\t<\/span>\n\t\t\t\t\t<\/button>\n\t\t\t\t<\/div>\n\t\t\t<\/div>\n\t\t<\/form>\n\t\t\t\t\t\t<\/div>\n\t\t\t\t<\/div>\n\t\t\t\t<\/div>\n\t\t\t\t\t<\/div>\n\t\t\t\t<\/div>\n\t\t<div class=\"elementor-element elementor-element-1737a5a e-con-full e-flex e-con e-parent\" data-id=\"1737a5a\" data-element_type=\"container\" data-settings=\"{&quot;background_background&quot;:&quot;classic&quot;}\">\n\t\t\t\t<div class=\"elementor-element elementor-element-e8c9bbb elementor-widget elementor-widget-google_maps\" data-id=\"e8c9bbb\" data-element_type=\"widget\" data-widget_type=\"google_maps.default\">\n\t\t\t\t<div class=\"elementor-widget-container\">\n\t\t\t\t\t\t\t<div class=\"elementor-custom-embed\">\n\t\t\t<iframe loading=\"lazy\"\n\t\t\t\t\tsrc=\"https:\/\/maps.google.com\/maps?q=Carpro%20d.o.o.%2C%20%C5%A0martno%20ob%20Paki%2084c%2C%203327%20%C5%A0martno%20ob%20Paki%2C%20Slovenia&#038;t=m&#038;z=8&#038;output=embed&#038;iwloc=near\"\n\t\t\t\t\ttitle=\"Carpro d.o.o., \u0160martno ob Paki 84c, 3327 \u0160martno ob Paki, Slovenia\"\n\t\t\t\t\taria-label=\"Carpro d.o.o., \u0160martno ob Paki 84c, 3327 \u0160martno ob Paki, Slovenia\"\n\t\t\t><\/iframe>\n\t\t<\/div>\n\t\t\t\t\t\t<\/div>\n\t\t\t\t<\/div>\n\t\t\t\t<\/div>\n\t\t\t\t<\/div>\n\t\t","protected":false},"excerpt":{"rendered":"<p>Kontakt info@go-dyno.com E-po\u0161ta info@go-dyno.com Pisarna \u0160martno ob Paki 84c Pokli\u010dite +386 51 676 677 CARPRO d.o.o. \u0160martno ob Paki 84c, 3327 \u0160martno ob Paki, Slovenia (EU) EU VAT ID: SI14262487www.go-dyno.com<\/p>\n","protected":false},"author":1,"featured_media":5041,"parent":0,"menu_order":0,"comment_status":"closed","ping_status":"closed","template":"elementor_header_footer","meta":{"_monsterinsights_skip_tracking":false,"_monsterinsights_sitenote_active":false,"_monsterinsights_sitenote_note":"","_monsterinsights_sitenote_category":0,"footnotes":""},"class_list":["post-5082","page","type-page","status-publish","has-post-thumbnail","hentry"],"yoast_head":"<!-- This site is optimized with the Yoast SEO plugin v25.1 - https:\/\/yoast.com\/wordpress\/plugins\/seo\/ -->\n<title>Kontakt - Dynamometer | Chassis dyno by GoDyno<\/title>\n<meta name=\"description\" content=\"Stopite v stik s strokovno ekipo GoDyno za vpra\u0161anja, tehni\u010dno podporo ali ponudbe za precizne dinamometre.\" \/>\n<meta name=\"robots\" content=\"index, follow, max-snippet:-1, max-image-preview:large, max-video-preview:-1\" \/>\n<link rel=\"canonical\" href=\"https:\/\/go-dyno.com\/sl\/kontakt\/\" \/>\n<meta property=\"og:locale\" content=\"sl_SI\" \/>\n<meta property=\"og:type\" content=\"article\" \/>\n<meta property=\"og:title\" content=\"Kontakt - Dynamometer | Chassis dyno by GoDyno\" \/>\n<meta property=\"og:description\" content=\"Stopite v stik s strokovno ekipo GoDyno za vpra\u0161anja, tehni\u010dno podporo ali ponudbe za precizne dinamometre.\" \/>\n<meta property=\"og:url\" content=\"https:\/\/go-dyno.com\/sl\/kontakt\/\" \/>\n<meta property=\"og:site_name\" content=\"Dynamometer | Chassis dyno by GoDyno\" \/>\n<meta property=\"article:publisher\" content=\"https:\/\/www.facebook.com\/carpro.godyno\" \/>\n<meta property=\"article:modified_time\" content=\"2025-10-07T14:18:26+00:00\" \/>\n<meta property=\"og:image\" content=\"https:\/\/go-dyno.com\/wp-content\/uploads\/2025\/05\/GoDyno-dynamometer_chassis_dyno_rolling_road-chiptuning-1024x603.png\" \/>\n<meta name=\"twitter:card\" content=\"summary_large_image\" \/>\n<script type=\"application\/ld+json\" class=\"yoast-schema-graph\">{\"@context\":\"https:\/\/schema.org\",\"@graph\":[{\"@type\":\"WebPage\",\"@id\":\"https:\/\/go-dyno.com\/sl\/kontakt\/\",\"url\":\"https:\/\/go-dyno.com\/sl\/kontakt\/\",\"name\":\"Kontakt - Dynamometer | Chassis dyno by GoDyno\",\"isPartOf\":{\"@id\":\"https:\/\/go-dyno.com\/sl\/#website\"},\"primaryImageOfPage\":{\"@id\":\"https:\/\/go-dyno.com\/sl\/kontakt\/#primaryimage\"},\"image\":{\"@id\":\"https:\/\/go-dyno.com\/sl\/kontakt\/#primaryimage\"},\"thumbnailUrl\":\"https:\/\/go-dyno.com\/wp-content\/uploads\/2025\/05\/GoDyno-dynamometer_chassis_dyno_rolling_road-chiptuning.png\",\"datePublished\":\"2024-10-15T20:44:01+00:00\",\"dateModified\":\"2025-10-07T14:18:26+00:00\",\"description\":\"Stopite v stik s strokovno ekipo GoDyno za vpra\u0161anja, tehni\u010dno podporo ali ponudbe za precizne dinamometre.\",\"breadcrumb\":{\"@id\":\"https:\/\/go-dyno.com\/sl\/kontakt\/#breadcrumb\"},\"inLanguage\":\"sl-SI\",\"potentialAction\":[{\"@type\":\"ReadAction\",\"target\":[\"https:\/\/go-dyno.com\/sl\/kontakt\/\"]}]},{\"@type\":\"ImageObject\",\"inLanguage\":\"sl-SI\",\"@id\":\"https:\/\/go-dyno.com\/sl\/kontakt\/#primaryimage\",\"url\":\"https:\/\/go-dyno.com\/wp-content\/uploads\/2025\/05\/GoDyno-dynamometer_chassis_dyno_rolling_road-chiptuning.png\",\"contentUrl\":\"https:\/\/go-dyno.com\/wp-content\/uploads\/2025\/05\/GoDyno-dynamometer_chassis_dyno_rolling_road-chiptuning.png\",\"width\":1200,\"height\":707,\"caption\":\"GoDyno dinamometri - valj\u010dni preizku\u0161evalnik - \u0161asijski dyno\"},{\"@type\":\"BreadcrumbList\",\"@id\":\"https:\/\/go-dyno.com\/sl\/kontakt\/#breadcrumb\",\"itemListElement\":[{\"@type\":\"ListItem\",\"position\":1,\"name\":\"Home\",\"item\":\"https:\/\/go-dyno.com\/sl\/\"},{\"@type\":\"ListItem\",\"position\":2,\"name\":\"Kontakt\"}]},{\"@type\":\"WebSite\",\"@id\":\"https:\/\/go-dyno.com\/sl\/#website\",\"url\":\"https:\/\/go-dyno.com\/sl\/\",\"name\":\"Chassis Dynamometer\",\"description\":\"Chassis Dynamometers - reliable and accurate vehicle dyno measurement. Rolling road For Car, Quad and motorbike. 2WD and 4WD dyno.\",\"publisher\":{\"@id\":\"https:\/\/go-dyno.com\/sl\/#organization\"},\"alternateName\":\"GoDyno Dynamometer\",\"potentialAction\":[{\"@type\":\"SearchAction\",\"target\":{\"@type\":\"EntryPoint\",\"urlTemplate\":\"https:\/\/go-dyno.com\/sl\/?s={search_term_string}\"},\"query-input\":{\"@type\":\"PropertyValueSpecification\",\"valueRequired\":true,\"valueName\":\"search_term_string\"}}],\"inLanguage\":\"sl-SI\"},{\"@type\":\"Organization\",\"@id\":\"https:\/\/go-dyno.com\/sl\/#organization\",\"name\":\"GoDyno\",\"alternateName\":\"GoDyno Dynamometer\",\"url\":\"https:\/\/go-dyno.com\/sl\/\",\"logo\":{\"@type\":\"ImageObject\",\"inLanguage\":\"sl-SI\",\"@id\":\"https:\/\/go-dyno.com\/sl\/#\/schema\/logo\/image\/\",\"url\":\"https:\/\/go-dyno.com\/wp-content\/uploads\/2024\/11\/Icons-130x130px-8.png\",\"contentUrl\":\"https:\/\/go-dyno.com\/wp-content\/uploads\/2024\/11\/Icons-130x130px-8.png\",\"width\":406,\"height\":406,\"caption\":\"GoDyno\"},\"image\":{\"@id\":\"https:\/\/go-dyno.com\/sl\/#\/schema\/logo\/image\/\"},\"sameAs\":[\"https:\/\/www.facebook.com\/carpro.godyno\",\"https:\/\/www.youtube.com\/@carpro.godyno\",\"https:\/\/www.instagram.com\/carpro.godyno\/\",\"https:\/\/www.tiktok.com\/@go.dyno\"]}]}<\/script>\n<!-- \/ Yoast SEO plugin. -->","yoast_head_json":{"title":"Kontakt - Dynamometer | Chassis dyno by GoDyno","description":"Stopite v stik s strokovno ekipo GoDyno za vpra\u0161anja, tehni\u010dno podporo ali ponudbe za precizne dinamometre.","robots":{"index":"index","follow":"follow","max-snippet":"max-snippet:-1","max-image-preview":"max-image-preview:large","max-video-preview":"max-video-preview:-1"},"canonical":"https:\/\/go-dyno.com\/sl\/kontakt\/","og_locale":"sl_SI","og_type":"article","og_title":"Kontakt - Dynamometer | Chassis dyno by GoDyno","og_description":"Stopite v stik s strokovno ekipo GoDyno za vpra\u0161anja, tehni\u010dno podporo ali ponudbe za precizne dinamometre.","og_url":"https:\/\/go-dyno.com\/sl\/kontakt\/","og_site_name":"Dynamometer | Chassis dyno by GoDyno","article_publisher":"https:\/\/www.facebook.com\/carpro.godyno","article_modified_time":"2025-10-07T14:18:26+00:00","og_image":[{"url":"https:\/\/go-dyno.com\/wp-content\/uploads\/2025\/05\/GoDyno-dynamometer_chassis_dyno_rolling_road-chiptuning-1024x603.png","type":"","width":"","height":""}],"twitter_card":"summary_large_image","schema":{"@context":"https:\/\/schema.org","@graph":[{"@type":"WebPage","@id":"https:\/\/go-dyno.com\/sl\/kontakt\/","url":"https:\/\/go-dyno.com\/sl\/kontakt\/","name":"Kontakt - Dynamometer | Chassis dyno by GoDyno","isPartOf":{"@id":"https:\/\/go-dyno.com\/sl\/#website"},"primaryImageOfPage":{"@id":"https:\/\/go-dyno.com\/sl\/kontakt\/#primaryimage"},"image":{"@id":"https:\/\/go-dyno.com\/sl\/kontakt\/#primaryimage"},"thumbnailUrl":"https:\/\/go-dyno.com\/wp-content\/uploads\/2025\/05\/GoDyno-dynamometer_chassis_dyno_rolling_road-chiptuning.png","datePublished":"2024-10-15T20:44:01+00:00","dateModified":"2025-10-07T14:18:26+00:00","description":"Stopite v stik s strokovno ekipo GoDyno za vpra\u0161anja, tehni\u010dno podporo ali ponudbe za precizne dinamometre.","breadcrumb":{"@id":"https:\/\/go-dyno.com\/sl\/kontakt\/#breadcrumb"},"inLanguage":"sl-SI","potentialAction":[{"@type":"ReadAction","target":["https:\/\/go-dyno.com\/sl\/kontakt\/"]}]},{"@type":"ImageObject","inLanguage":"sl-SI","@id":"https:\/\/go-dyno.com\/sl\/kontakt\/#primaryimage","url":"https:\/\/go-dyno.com\/wp-content\/uploads\/2025\/05\/GoDyno-dynamometer_chassis_dyno_rolling_road-chiptuning.png","contentUrl":"https:\/\/go-dyno.com\/wp-content\/uploads\/2025\/05\/GoDyno-dynamometer_chassis_dyno_rolling_road-chiptuning.png","width":1200,"height":707,"caption":"GoDyno dinamometri - valj\u010dni preizku\u0161evalnik - \u0161asijski dyno"},{"@type":"BreadcrumbList","@id":"https:\/\/go-dyno.com\/sl\/kontakt\/#breadcrumb","itemListElement":[{"@type":"ListItem","position":1,"name":"Home","item":"https:\/\/go-dyno.com\/sl\/"},{"@type":"ListItem","position":2,"name":"Kontakt"}]},{"@type":"WebSite","@id":"https:\/\/go-dyno.com\/sl\/#website","url":"https:\/\/go-dyno.com\/sl\/","name":"Chassis Dynamometer","description":"Chassis Dynamometers - reliable and accurate vehicle dyno measurement. Rolling road For Car, Quad and motorbike. 2WD and 4WD dyno.","publisher":{"@id":"https:\/\/go-dyno.com\/sl\/#organization"},"alternateName":"GoDyno Dynamometer","potentialAction":[{"@type":"SearchAction","target":{"@type":"EntryPoint","urlTemplate":"https:\/\/go-dyno.com\/sl\/?s={search_term_string}"},"query-input":{"@type":"PropertyValueSpecification","valueRequired":true,"valueName":"search_term_string"}}],"inLanguage":"sl-SI"},{"@type":"Organization","@id":"https:\/\/go-dyno.com\/sl\/#organization","name":"GoDyno","alternateName":"GoDyno Dynamometer","url":"https:\/\/go-dyno.com\/sl\/","logo":{"@type":"ImageObject","inLanguage":"sl-SI","@id":"https:\/\/go-dyno.com\/sl\/#\/schema\/logo\/image\/","url":"https:\/\/go-dyno.com\/wp-content\/uploads\/2024\/11\/Icons-130x130px-8.png","contentUrl":"https:\/\/go-dyno.com\/wp-content\/uploads\/2024\/11\/Icons-130x130px-8.png","width":406,"height":406,"caption":"GoDyno"},"image":{"@id":"https:\/\/go-dyno.com\/sl\/#\/schema\/logo\/image\/"},"sameAs":["https:\/\/www.facebook.com\/carpro.godyno","https:\/\/www.youtube.com\/@carpro.godyno","https:\/\/www.instagram.com\/carpro.godyno\/","https:\/\/www.tiktok.com\/@go.dyno"]}]}},"_links":{"self":[{"href":"https:\/\/go-dyno.com\/sl\/wp-json\/wp\/v2\/pages\/5082","targetHints":{"allow":["GET"]}}],"collection":[{"href":"https:\/\/go-dyno.com\/sl\/wp-json\/wp\/v2\/pages"}],"about":[{"href":"https:\/\/go-dyno.com\/sl\/wp-json\/wp\/v2\/types\/page"}],"author":[{"embeddable":true,"href":"https:\/\/go-dyno.com\/sl\/wp-json\/wp\/v2\/users\/1"}],"replies":[{"embeddable":true,"href":"https:\/\/go-dyno.com\/sl\/wp-json\/wp\/v2\/comments?post=5082"}],"version-history":[{"count":8,"href":"https:\/\/go-dyno.com\/sl\/wp-json\/wp\/v2\/pages\/5082\/revisions"}],"predecessor-version":[{"id":5496,"href":"https:\/\/go-dyno.com\/sl\/wp-json\/wp\/v2\/pages\/5082\/revisions\/5496"}],"wp:featuredmedia":[{"embeddable":true,"href":"https:\/\/go-dyno.com\/sl\/wp-json\/wp\/v2\/media\/5041"}],"wp:attachment":[{"href":"https:\/\/go-dyno.com\/sl\/wp-json\/wp\/v2\/media?parent=5082"}],"curies":[{"name":"wp","href":"https:\/\/api.w.org\/{rel}","templated":true}]}}