{"id":5377,"date":"2024-10-17T19:27:05","date_gmt":"2024-10-17T19:27:05","guid":{"rendered":"https:\/\/go-dyno.com\/uvjeti-i-odredbe\/"},"modified":"2025-10-17T06:45:42","modified_gmt":"2025-10-17T06:45:42","slug":"uvjeti-i-odredbe","status":"publish","type":"page","link":"https:\/\/go-dyno.com\/hr\/uvjeti-i-odredbe\/","title":{"rendered":"Uvjeti i odredbe"},"content":{"rendered":"\t\t<div data-elementor-type=\"wp-page\" data-elementor-id=\"5377\" class=\"elementor elementor-5377 elementor-508\" data-elementor-post-type=\"page\">\n\t\t\t\t<div class=\"elementor-element elementor-element-eb0f556 e-flex e-con-boxed e-con e-parent\" data-id=\"eb0f556\" data-element_type=\"container\" data-settings=\"{&quot;background_background&quot;:&quot;classic&quot;}\">\n\t\t\t\t\t<div class=\"e-con-inner\">\n\t\t\t\t<div class=\"elementor-element elementor-element-95180e6 elementor-widget elementor-widget-heading\" data-id=\"95180e6\" data-element_type=\"widget\" data-widget_type=\"heading.default\">\n\t\t\t\t<div class=\"elementor-widget-container\">\n\t\t\t\t\t<h2 class=\"elementor-heading-title elementor-size-default\">Uvjeti <span>i odredbe<\/h2>\t\t\t\t<\/div>\n\t\t\t\t<\/div>\n\t\t\t\t<div class=\"elementor-element elementor-element-a405b2c elementor-widget elementor-widget-text-editor\" data-id=\"a405b2c\" data-element_type=\"widget\" data-widget_type=\"text-editor.default\">\n\t\t\t\t<div class=\"elementor-widget-container\">\n\t\t\t\t\t\t\t\t\t<p>Dobrodo\u0161li na GoDyno.com<br>Pristupanjem i kori\u0161tenjem ove web stranice prihva\u0107ate sljede\u0107e uvjete i odredbe. Molimo vas da ih pa\u017eljivo pro\u010ditate prije nego \u0161to nastavite pregledavati ili koristiti na\u0161e usluge.  <\/p><ol><li><p>Prihva\u0107anje uvjeta<br>Kori\u0161tenjem ove web stranice prihva\u0107ate da ste vezani ovim uvjetima i odredbama. Ako se ne sla\u017eete s bilo kojim dijelom ovih uvjeta, molimo vas da ne koristite stranicu. <\/p><\/li><li><p>Kori\u0161tenje web stranice<br>Sadr\u017eaj na ovoj web stranici namijenjen je isklju\u010divo informativne svrhe. Iako nastojimo pru\u017eiti to\u010dne i a\u017eurirane informacije, GoDyno.com ne jam\u010di to\u010dnost, potpunost niti pouzdanost sadr\u017eaja. Kori\u0161tenje bilo kakvih informacija s ove web stranice isklju\u010divo je na vlastitu odgovornost.  <\/p><\/li><li><p>Intelektualno vlasni\u0161tvo<br>Sav sadr\u017eaj, logotipi, slike i materijali na ovoj web stranici intelektualno su vlasni\u0161tvo GoDyno.com, osim ako nije druga\u010dije navedeno. Neovla\u0161tena upotreba, reprodukcija ili distribucija ovog sadr\u017eaja strogo su zabranjeni. <\/p><\/li><li><p>Poveznice na web stranice tre\u0107ih strana<br>Ova web stranica mo\u017ee sadr\u017eavati poveznice na web stranice tre\u0107ih strana radi va\u0161e prakti\u010dnosti. GoDyno.com nije odgovoran za sadr\u017eaj niti za to\u010dnost bilo koje povezane web stranice tre\u0107e strane, niti podr\u017eava proizvode ili usluge koje one nude.<\/p><\/li><li><p>Ograni\u010denje odgovornosti<br>GoDyno.com ne\u0107e biti odgovoran za bilo kakve izravne, neizravne, slu\u010dajne ili posljedi\u010dne \u0161tete koje proizlaze iz kori\u0161tenja ove web stranice ili bilo kojih ovdje sadr\u017eanih informacija. To uklju\u010duje, ali nije ograni\u010deno na gubitak podataka, prihoda ili poslovnih prilika. <\/p><\/li><li><p>Isklju\u010denje jamstava<br>Iako nastojimo odr\u017eavati web stranicu a\u017euriranom, ne jam\u010dimo da \u0107e ona biti dostupna bez prekida ili bez pogre\u0161aka. Informacije pru\u017eene na ovoj stranici dostupne su na principu \u201ekakve jesu\u201d, bez ikakvih jamstava, izri\u010ditih ili pre\u0161utnih. <\/p><\/li><li><p>Izmjene<br>Zadr\u017eavamo pravo izmjene ili a\u017euriranja ovih Uvjeta i odredbi u bilo kojem trenutku bez prethodne obavijesti. Promjene \u0107e biti objavljene na ovoj stranici, a nastavak kori\u0161tenja web stranice zna\u010di da prihva\u0107ate a\u017eurirane uvjete. <\/p><\/li><li><p>Isklju\u010denje jamstava<br>Iako nastojimo odr\u017eavati web stranicu a\u017euriranom, ne jam\u010dimo da \u0107e ona biti dostupna bez prekida ili bez pogre\u0161aka. Informacije pru\u017eene na ovoj stranici dostupne su na principu \u201ekakve jesu\u201d, bez ikakvih jamstava, izri\u010ditih ili pre\u0161utnih. <\/p><\/li><li><p>Kontakt informacije<br>Ako imate bilo kakva pitanja u vezi s ovim Uvjetima i odredbama, molimo vas da nas kontaktirate na info@go-dyno.com<\/p><\/li><\/ol>\t\t\t\t\t\t\t\t<\/div>\n\t\t\t\t<\/div>\n\t\t\t\t\t<\/div>\n\t\t\t\t<\/div>\n\t\t\t\t<\/div>\n\t\t","protected":false},"excerpt":{"rendered":"<p>Uvjeti i odredbe Dobrodo\u0161li na GoDyno.comPristupanjem i kori\u0161tenjem ove web stranice prihva\u0107ate sljede\u0107e uvjete i odredbe. Molimo vas da ih pa\u017eljivo pro\u010ditate prije nego \u0161to nastavite pregledavati ili koristiti na\u0161e usluge. Prihva\u0107anje uvjetaKori\u0161tenjem ove web stranice prihva\u0107ate da ste vezani ovim uvjetima i odredbama. Ako se ne sla\u017eete s bilo kojim dijelom ovih uvjeta, molimo [&hellip;]<\/p>\n","protected":false},"author":1,"featured_media":4898,"parent":0,"menu_order":0,"comment_status":"closed","ping_status":"closed","template":"elementor_header_footer","meta":{"_monsterinsights_skip_tracking":false,"_monsterinsights_sitenote_active":false,"_monsterinsights_sitenote_note":"","_monsterinsights_sitenote_category":0,"footnotes":""},"class_list":["post-5377","page","type-page","status-publish","has-post-thumbnail","hentry"],"yoast_head":"<!-- This site is optimized with the Yoast SEO plugin v25.1 - https:\/\/yoast.com\/wordpress\/plugins\/seo\/ -->\n<title>Uvjeti i odredbe - Dynamometer | Chassis dyno by GoDyno<\/title>\n<meta name=\"robots\" content=\"index, follow, max-snippet:-1, max-image-preview:large, max-video-preview:-1\" \/>\n<link rel=\"canonical\" href=\"https:\/\/go-dyno.com\/hr\/uvjeti-i-odredbe\/\" \/>\n<meta property=\"og:locale\" content=\"hr_HR\" \/>\n<meta property=\"og:type\" content=\"article\" \/>\n<meta property=\"og:title\" content=\"Uvjeti i odredbe - Dynamometer | Chassis dyno by GoDyno\" \/>\n<meta property=\"og:description\" content=\"Uvjeti i odredbe Dobrodo\u0161li na GoDyno.comPristupanjem i kori\u0161tenjem ove web stranice prihva\u0107ate sljede\u0107e uvjete i odredbe. Molimo vas da ih pa\u017eljivo pro\u010ditate prije nego \u0161to nastavite pregledavati ili koristiti na\u0161e usluge. Prihva\u0107anje uvjetaKori\u0161tenjem ove web stranice prihva\u0107ate da ste vezani ovim uvjetima i odredbama. Ako se ne sla\u017eete s bilo kojim dijelom ovih uvjeta, molimo [&hellip;]\" \/>\n<meta property=\"og:url\" content=\"https:\/\/go-dyno.com\/hr\/uvjeti-i-odredbe\/\" \/>\n<meta property=\"og:site_name\" content=\"Dynamometer | Chassis dyno by GoDyno\" \/>\n<meta property=\"article:publisher\" content=\"https:\/\/www.facebook.com\/carpro.godyno\" \/>\n<meta property=\"article:modified_time\" content=\"2025-10-17T06:45:42+00:00\" \/>\n<meta property=\"og:image\" content=\"https:\/\/go-dyno.com\/wp-content\/uploads\/2025\/05\/GoDyno-dynamometer_chassis_dyno_rolling_road-chiptuning-1024x603.png\" \/>\n<meta name=\"twitter:card\" content=\"summary_large_image\" \/>\n<meta name=\"twitter:label1\" content=\"Procijenjeno vrijeme \u010ditanja\" \/>\n\t<meta name=\"twitter:data1\" content=\"2 minute\" \/>\n<script type=\"application\/ld+json\" class=\"yoast-schema-graph\">{\"@context\":\"https:\/\/schema.org\",\"@graph\":[{\"@type\":\"WebPage\",\"@id\":\"https:\/\/go-dyno.com\/hr\/uvjeti-i-odredbe\/\",\"url\":\"https:\/\/go-dyno.com\/hr\/uvjeti-i-odredbe\/\",\"name\":\"Uvjeti i odredbe - Dynamometer | Chassis dyno by GoDyno\",\"isPartOf\":{\"@id\":\"https:\/\/go-dyno.com\/hr\/#website\"},\"primaryImageOfPage\":{\"@id\":\"https:\/\/go-dyno.com\/hr\/uvjeti-i-odredbe\/#primaryimage\"},\"image\":{\"@id\":\"https:\/\/go-dyno.com\/hr\/uvjeti-i-odredbe\/#primaryimage\"},\"thumbnailUrl\":\"https:\/\/go-dyno.com\/wp-content\/uploads\/2025\/05\/GoDyno-dynamometer_chassis_dyno_rolling_road-chiptuning.png\",\"datePublished\":\"2024-10-17T19:27:05+00:00\",\"dateModified\":\"2025-10-17T06:45:42+00:00\",\"breadcrumb\":{\"@id\":\"https:\/\/go-dyno.com\/hr\/uvjeti-i-odredbe\/#breadcrumb\"},\"inLanguage\":\"hr\",\"potentialAction\":[{\"@type\":\"ReadAction\",\"target\":[\"https:\/\/go-dyno.com\/hr\/uvjeti-i-odredbe\/\"]}]},{\"@type\":\"ImageObject\",\"inLanguage\":\"hr\",\"@id\":\"https:\/\/go-dyno.com\/hr\/uvjeti-i-odredbe\/#primaryimage\",\"url\":\"https:\/\/go-dyno.com\/wp-content\/uploads\/2025\/05\/GoDyno-dynamometer_chassis_dyno_rolling_road-chiptuning.png\",\"contentUrl\":\"https:\/\/go-dyno.com\/wp-content\/uploads\/2025\/05\/GoDyno-dynamometer_chassis_dyno_rolling_road-chiptuning.png\",\"width\":1200,\"height\":707,\"caption\":\"GoDyno dinamometri - rolling road - \u0161asijski dyno\"},{\"@type\":\"BreadcrumbList\",\"@id\":\"https:\/\/go-dyno.com\/hr\/uvjeti-i-odredbe\/#breadcrumb\",\"itemListElement\":[{\"@type\":\"ListItem\",\"position\":1,\"name\":\"Home\",\"item\":\"https:\/\/go-dyno.com\/hr\/pocetna\/\"},{\"@type\":\"ListItem\",\"position\":2,\"name\":\"Uvjeti i odredbe\"}]},{\"@type\":\"WebSite\",\"@id\":\"https:\/\/go-dyno.com\/hr\/#website\",\"url\":\"https:\/\/go-dyno.com\/hr\/\",\"name\":\"Chassis Dynamometer\",\"description\":\"Chassis Dynamometers - reliable and accurate vehicle dyno measurement. Rolling road For Car, Quad and motorbike. 2WD and 4WD dyno.\",\"publisher\":{\"@id\":\"https:\/\/go-dyno.com\/hr\/#organization\"},\"alternateName\":\"GoDyno Dynamometer\",\"potentialAction\":[{\"@type\":\"SearchAction\",\"target\":{\"@type\":\"EntryPoint\",\"urlTemplate\":\"https:\/\/go-dyno.com\/hr\/?s={search_term_string}\"},\"query-input\":{\"@type\":\"PropertyValueSpecification\",\"valueRequired\":true,\"valueName\":\"search_term_string\"}}],\"inLanguage\":\"hr\"},{\"@type\":\"Organization\",\"@id\":\"https:\/\/go-dyno.com\/hr\/#organization\",\"name\":\"GoDyno\",\"alternateName\":\"GoDyno Dynamometer\",\"url\":\"https:\/\/go-dyno.com\/hr\/\",\"logo\":{\"@type\":\"ImageObject\",\"inLanguage\":\"hr\",\"@id\":\"https:\/\/go-dyno.com\/hr\/#\/schema\/logo\/image\/\",\"url\":\"https:\/\/go-dyno.com\/wp-content\/uploads\/2024\/11\/Icons-130x130px-8.png\",\"contentUrl\":\"https:\/\/go-dyno.com\/wp-content\/uploads\/2024\/11\/Icons-130x130px-8.png\",\"width\":406,\"height\":406,\"caption\":\"GoDyno\"},\"image\":{\"@id\":\"https:\/\/go-dyno.com\/hr\/#\/schema\/logo\/image\/\"},\"sameAs\":[\"https:\/\/www.facebook.com\/carpro.godyno\",\"https:\/\/www.youtube.com\/@carpro.godyno\",\"https:\/\/www.instagram.com\/carpro.godyno\/\",\"https:\/\/www.tiktok.com\/@go.dyno\"]}]}<\/script>\n<!-- \/ Yoast SEO plugin. -->","yoast_head_json":{"title":"Uvjeti i odredbe - Dynamometer | Chassis dyno by GoDyno","robots":{"index":"index","follow":"follow","max-snippet":"max-snippet:-1","max-image-preview":"max-image-preview:large","max-video-preview":"max-video-preview:-1"},"canonical":"https:\/\/go-dyno.com\/hr\/uvjeti-i-odredbe\/","og_locale":"hr_HR","og_type":"article","og_title":"Uvjeti i odredbe - Dynamometer | Chassis dyno by GoDyno","og_description":"Uvjeti i odredbe Dobrodo\u0161li na GoDyno.comPristupanjem i kori\u0161tenjem ove web stranice prihva\u0107ate sljede\u0107e uvjete i odredbe. Molimo vas da ih pa\u017eljivo pro\u010ditate prije nego \u0161to nastavite pregledavati ili koristiti na\u0161e usluge. Prihva\u0107anje uvjetaKori\u0161tenjem ove web stranice prihva\u0107ate da ste vezani ovim uvjetima i odredbama. Ako se ne sla\u017eete s bilo kojim dijelom ovih uvjeta, molimo [&hellip;]","og_url":"https:\/\/go-dyno.com\/hr\/uvjeti-i-odredbe\/","og_site_name":"Dynamometer | Chassis dyno by GoDyno","article_publisher":"https:\/\/www.facebook.com\/carpro.godyno","article_modified_time":"2025-10-17T06:45:42+00:00","og_image":[{"url":"https:\/\/go-dyno.com\/wp-content\/uploads\/2025\/05\/GoDyno-dynamometer_chassis_dyno_rolling_road-chiptuning-1024x603.png","type":"","width":"","height":""}],"twitter_card":"summary_large_image","twitter_misc":{"Procijenjeno vrijeme \u010ditanja":"2 minute"},"schema":{"@context":"https:\/\/schema.org","@graph":[{"@type":"WebPage","@id":"https:\/\/go-dyno.com\/hr\/uvjeti-i-odredbe\/","url":"https:\/\/go-dyno.com\/hr\/uvjeti-i-odredbe\/","name":"Uvjeti i odredbe - Dynamometer | Chassis dyno by GoDyno","isPartOf":{"@id":"https:\/\/go-dyno.com\/hr\/#website"},"primaryImageOfPage":{"@id":"https:\/\/go-dyno.com\/hr\/uvjeti-i-odredbe\/#primaryimage"},"image":{"@id":"https:\/\/go-dyno.com\/hr\/uvjeti-i-odredbe\/#primaryimage"},"thumbnailUrl":"https:\/\/go-dyno.com\/wp-content\/uploads\/2025\/05\/GoDyno-dynamometer_chassis_dyno_rolling_road-chiptuning.png","datePublished":"2024-10-17T19:27:05+00:00","dateModified":"2025-10-17T06:45:42+00:00","breadcrumb":{"@id":"https:\/\/go-dyno.com\/hr\/uvjeti-i-odredbe\/#breadcrumb"},"inLanguage":"hr","potentialAction":[{"@type":"ReadAction","target":["https:\/\/go-dyno.com\/hr\/uvjeti-i-odredbe\/"]}]},{"@type":"ImageObject","inLanguage":"hr","@id":"https:\/\/go-dyno.com\/hr\/uvjeti-i-odredbe\/#primaryimage","url":"https:\/\/go-dyno.com\/wp-content\/uploads\/2025\/05\/GoDyno-dynamometer_chassis_dyno_rolling_road-chiptuning.png","contentUrl":"https:\/\/go-dyno.com\/wp-content\/uploads\/2025\/05\/GoDyno-dynamometer_chassis_dyno_rolling_road-chiptuning.png","width":1200,"height":707,"caption":"GoDyno dinamometri - rolling road - \u0161asijski dyno"},{"@type":"BreadcrumbList","@id":"https:\/\/go-dyno.com\/hr\/uvjeti-i-odredbe\/#breadcrumb","itemListElement":[{"@type":"ListItem","position":1,"name":"Home","item":"https:\/\/go-dyno.com\/hr\/pocetna\/"},{"@type":"ListItem","position":2,"name":"Uvjeti i odredbe"}]},{"@type":"WebSite","@id":"https:\/\/go-dyno.com\/hr\/#website","url":"https:\/\/go-dyno.com\/hr\/","name":"Chassis Dynamometer","description":"Chassis Dynamometers - reliable and accurate vehicle dyno measurement. Rolling road For Car, Quad and motorbike. 2WD and 4WD dyno.","publisher":{"@id":"https:\/\/go-dyno.com\/hr\/#organization"},"alternateName":"GoDyno Dynamometer","potentialAction":[{"@type":"SearchAction","target":{"@type":"EntryPoint","urlTemplate":"https:\/\/go-dyno.com\/hr\/?s={search_term_string}"},"query-input":{"@type":"PropertyValueSpecification","valueRequired":true,"valueName":"search_term_string"}}],"inLanguage":"hr"},{"@type":"Organization","@id":"https:\/\/go-dyno.com\/hr\/#organization","name":"GoDyno","alternateName":"GoDyno Dynamometer","url":"https:\/\/go-dyno.com\/hr\/","logo":{"@type":"ImageObject","inLanguage":"hr","@id":"https:\/\/go-dyno.com\/hr\/#\/schema\/logo\/image\/","url":"https:\/\/go-dyno.com\/wp-content\/uploads\/2024\/11\/Icons-130x130px-8.png","contentUrl":"https:\/\/go-dyno.com\/wp-content\/uploads\/2024\/11\/Icons-130x130px-8.png","width":406,"height":406,"caption":"GoDyno"},"image":{"@id":"https:\/\/go-dyno.com\/hr\/#\/schema\/logo\/image\/"},"sameAs":["https:\/\/www.facebook.com\/carpro.godyno","https:\/\/www.youtube.com\/@carpro.godyno","https:\/\/www.instagram.com\/carpro.godyno\/","https:\/\/www.tiktok.com\/@go.dyno"]}]}},"_links":{"self":[{"href":"https:\/\/go-dyno.com\/hr\/wp-json\/wp\/v2\/pages\/5377","targetHints":{"allow":["GET"]}}],"collection":[{"href":"https:\/\/go-dyno.com\/hr\/wp-json\/wp\/v2\/pages"}],"about":[{"href":"https:\/\/go-dyno.com\/hr\/wp-json\/wp\/v2\/types\/page"}],"author":[{"embeddable":true,"href":"https:\/\/go-dyno.com\/hr\/wp-json\/wp\/v2\/users\/1"}],"replies":[{"embeddable":true,"href":"https:\/\/go-dyno.com\/hr\/wp-json\/wp\/v2\/comments?post=5377"}],"version-history":[{"count":3,"href":"https:\/\/go-dyno.com\/hr\/wp-json\/wp\/v2\/pages\/5377\/revisions"}],"predecessor-version":[{"id":5761,"href":"https:\/\/go-dyno.com\/hr\/wp-json\/wp\/v2\/pages\/5377\/revisions\/5761"}],"wp:featuredmedia":[{"embeddable":true,"href":"https:\/\/go-dyno.com\/hr\/wp-json\/wp\/v2\/media\/4898"}],"wp:attachment":[{"href":"https:\/\/go-dyno.com\/hr\/wp-json\/wp\/v2\/media?parent=5377"}],"curies":[{"name":"wp","href":"https:\/\/api.w.org\/{rel}","templated":true}]}}