{"id":5374,"date":"2024-10-17T19:26:48","date_gmt":"2024-10-17T19:26:48","guid":{"rendered":"https:\/\/go-dyno.com\/politika-privatnosti\/"},"modified":"2025-10-06T14:06:00","modified_gmt":"2025-10-06T14:06:00","slug":"politika-privatnosti","status":"publish","type":"page","link":"https:\/\/go-dyno.com\/hr\/politika-privatnosti\/","title":{"rendered":"Politika privatnosti"},"content":{"rendered":"\t\t<div data-elementor-type=\"wp-page\" data-elementor-id=\"5374\" class=\"elementor elementor-5374 elementor-506\" data-elementor-post-type=\"page\">\n\t\t\t\t<div class=\"elementor-element elementor-element-8e9052e e-flex e-con-boxed e-con e-parent\" data-id=\"8e9052e\" data-element_type=\"container\" data-settings=\"{&quot;background_background&quot;:&quot;classic&quot;}\">\n\t\t\t\t\t<div class=\"e-con-inner\">\n\t\t\t\t<div class=\"elementor-element elementor-element-34c63a4 elementor-widget elementor-widget-heading\" data-id=\"34c63a4\" data-element_type=\"widget\" data-widget_type=\"heading.default\">\n\t\t\t\t<div class=\"elementor-widget-container\">\n\t\t\t\t\t<h2 class=\"elementor-heading-title elementor-size-default\">Politika<span>privatnosti<\/h2>\t\t\t\t<\/div>\n\t\t\t\t<\/div>\n\t\t\t\t<div class=\"elementor-element elementor-element-bde1480 elementor-widget elementor-widget-text-editor\" data-id=\"bde1480\" data-element_type=\"widget\" data-widget_type=\"text-editor.default\">\n\t\t\t\t<div class=\"elementor-widget-container\">\n\t\t\t\t\t\t\t\t\t<p>U Godynu smo predani za\u0161titi va\u0161e privatnosti i osiguravanju da se s va\u0161im osobnim podacima postupa sigurno i odgovorno. Ova Politika privatnosti opisuje kako prikupljamo, koristimo i \u0161titimo sve informacije koje pru\u017eate prilikom kori\u0161tenja na\u0161e web stranice. <\/p>\n<ol>\n<li>\n<p><strong>Informacije koje prikupljamo<\/strong><br>Mo\u017eemo prikupljati sljede\u0107e vrste informacija:<\/p>\n<ul>\n<li><strong>Osobni identifikacijski podaci<\/strong>: Kao \u0161to su va\u0161e ime, adresa e-po\u0161te, telefonski broj ili drugi kontaktni podaci kada \u0161aljete obrasce ili nas kontaktirate putem web stranice.<\/li>\n<li><strong>Neosobni podaci<\/strong>: Mo\u017eemo prikupljati neidentificiraju\u0107e podatke kao \u0161to su vrsta preglednika, IP adresa i podaci o kori\u0161tenju kako bismo pobolj\u0161ali performanse web stranice.<\/li>\n<\/ul>\n<\/li>\n<li>\n<p><strong>Kako koristimo va\u0161e podatke<\/strong><br>Informacije koje prikupljamo mogu se koristiti na sljede\u0107e na\u010dine:<\/p>\n<ul>\n<li>Za odgovor na va\u0161e upite ili zahtjeve.<\/li>\n<li>Za pobolj\u0161anje sadr\u017eaja i korisni\u010dkog iskustva na\u0161e web stranice.<\/li>\n<li>Za pru\u017eanje a\u017euriranja o na\u0161im uslugama ili proizvodima, ako ste se odlu\u010dili primati takve obavijesti.<\/li>\n<li>Za pra\u0107enje prometa web stranice i obrazaca kori\u0161tenja.<\/li>\n<\/ul>\n<\/li>\n<li>\n<p><strong>Kola\u010di\u0107i<\/strong><br>Na\u0161a web stranica mo\u017ee koristiti kola\u010di\u0107e za pobolj\u0161anje va\u0161eg iskustva pregledavanja. Kola\u010di\u0107i su male podatkovne datoteke pohranjene u va\u0161em pregledniku koje nam poma\u017eu analizirati promet i kori\u0161tenje web stranice. Mo\u017eete odabrati onemogu\u0107iti kola\u010di\u0107e u postavkama preglednika, iako to mo\u017ee ograni\u010diti neke funkcionalnosti na na\u0161oj stranici.  <\/p>\n<\/li>\n<li>\n<p><strong>Poveznice tre\u0107ih strana<\/strong><br>Na\u0161a web stranica mo\u017ee sadr\u017eavati poveznice na web stranice tre\u0107ih strana. Nemamo kontrolu nad praksama privatnosti tih web stranica i nismo odgovorni za za\u0161titu bilo kakvih informacija koje pru\u017eate tijekom posjeta istima. Molimo vas da zasebno pregledate politike privatnosti web stranica tre\u0107ih strana.  <\/p>\n<\/li>\n<li>\n<p><strong>Sigurnost podataka<\/strong><br>Predani smo osiguravanju sigurnosti va\u0161ih osobnih podataka. Koristimo odgovaraju\u0107e fizi\u010dke, tehni\u010dke i administrativne mjere za za\u0161titu podataka koje prikupljamo putem interneta. Me\u0111utim, nijedna metoda prijenosa podataka putem interneta ne mo\u017ee biti zajam\u010dena 100% sigurnom.  <\/p>\n<\/li>\n<li>\n<p><strong>Dijeljenje va\u0161ih podataka<\/strong><br>Ne prodajemo, ne trgujemo niti na drugi na\u010din prenosimo va\u0161e osobne podatke tre\u0107im stranama, osim ako to zahtijeva zakon ili pouzdanim partnerima koji nam poma\u017eu u radu na\u0161e web stranice (pod uvjetima sporazuma o povjerljivosti).<\/p>\n<\/li>\n<li>\n<p><strong>Va\u0161a prava<\/strong><br>Imate pravo na:<\/p>\n<ul>\n<li>Zatra\u017eiti pristup osobnim podacima koje imamo o vama.<\/li>\n<li>Zatra\u017eiti da ispravimo ili a\u017euriramo va\u0161e osobne podatke.<\/li>\n<li>Zatra\u017eiti da izbri\u0161emo va\u0161e osobne podatke, podlo\u017eno zakonskim obvezama.<\/li>\n<\/ul>\n<p>Za ostvarivanje ovih prava, kontaktirajte nas na info@go-dyno.com.<\/p>\n<\/li>\n<li>\n<p><strong>Promjene ove politike<\/strong><br>Go-Dyno.com mo\u017ee povremeno a\u017eurirati ovu Politiku privatnosti. Sve promjene bit \u0107e objavljene na ovoj stranici, a a\u017eurirana politika primjenjivat \u0107e se odmah. Molimo vas da redovito pregledavate ovu politiku kako biste bili informirani.  <\/p>\n<\/li>\n<li>\n<p><strong>Kontaktirajte nas<\/strong><br>Ako imate bilo kakvih pitanja ili nedoumica u vezi s ovom Politikom privatnosti, ili ako \u017eelite zatra\u017eiti pristup svojim podacima, kontaktirajte nas na info@go-dyno.com<\/p>\n<\/li>\n<\/ol>\t\t\t\t\t\t\t\t<\/div>\n\t\t\t\t<\/div>\n\t\t\t\t\t<\/div>\n\t\t\t\t<\/div>\n\t\t\t\t<\/div>\n\t\t","protected":false},"excerpt":{"rendered":"<p>Politikaprivatnosti U Godynu smo predani za\u0161titi va\u0161e privatnosti i osiguravanju da se s va\u0161im osobnim podacima postupa sigurno i odgovorno. Ova Politika privatnosti opisuje kako prikupljamo, koristimo i \u0161titimo sve informacije koje pru\u017eate prilikom kori\u0161tenja na\u0161e web stranice. Informacije koje prikupljamoMo\u017eemo prikupljati sljede\u0107e vrste informacija: Osobni identifikacijski podaci: Kao \u0161to su va\u0161e ime, adresa e-po\u0161te, [&hellip;]<\/p>\n","protected":false},"author":1,"featured_media":4898,"parent":0,"menu_order":0,"comment_status":"closed","ping_status":"closed","template":"elementor_header_footer","meta":{"_monsterinsights_skip_tracking":false,"_monsterinsights_sitenote_active":false,"_monsterinsights_sitenote_note":"","_monsterinsights_sitenote_category":0,"footnotes":""},"class_list":["post-5374","page","type-page","status-publish","has-post-thumbnail","hentry"],"yoast_head":"<!-- This site is optimized with the Yoast SEO plugin v25.1 - https:\/\/yoast.com\/wordpress\/plugins\/seo\/ -->\n<title>Politika privatnosti - Dynamometer | Chassis dyno by GoDyno<\/title>\n<meta name=\"robots\" content=\"index, follow, max-snippet:-1, max-image-preview:large, max-video-preview:-1\" \/>\n<link rel=\"canonical\" href=\"https:\/\/go-dyno.com\/hr\/politika-privatnosti\/\" \/>\n<meta property=\"og:locale\" content=\"hr_HR\" \/>\n<meta property=\"og:type\" content=\"article\" \/>\n<meta property=\"og:title\" content=\"Politika privatnosti - Dynamometer | Chassis dyno by GoDyno\" \/>\n<meta property=\"og:description\" content=\"Politikaprivatnosti U Godynu smo predani za\u0161titi va\u0161e privatnosti i osiguravanju da se s va\u0161im osobnim podacima postupa sigurno i odgovorno. Ova Politika privatnosti opisuje kako prikupljamo, koristimo i \u0161titimo sve informacije koje pru\u017eate prilikom kori\u0161tenja na\u0161e web stranice. Informacije koje prikupljamoMo\u017eemo prikupljati sljede\u0107e vrste informacija: Osobni identifikacijski podaci: Kao \u0161to su va\u0161e ime, adresa e-po\u0161te, [&hellip;]\" \/>\n<meta property=\"og:url\" content=\"https:\/\/go-dyno.com\/hr\/politika-privatnosti\/\" \/>\n<meta property=\"og:site_name\" content=\"Dynamometer | Chassis dyno by GoDyno\" \/>\n<meta property=\"article:publisher\" content=\"https:\/\/www.facebook.com\/carpro.godyno\" \/>\n<meta property=\"article:modified_time\" content=\"2025-10-06T14:06:00+00:00\" \/>\n<meta property=\"og:image\" content=\"https:\/\/go-dyno.com\/wp-content\/uploads\/2025\/05\/GoDyno-dynamometer_chassis_dyno_rolling_road-chiptuning-1024x603.png\" \/>\n<meta name=\"twitter:card\" content=\"summary_large_image\" \/>\n<meta name=\"twitter:label1\" content=\"Procijenjeno vrijeme \u010ditanja\" \/>\n\t<meta name=\"twitter:data1\" content=\"2 minute\" \/>\n<script type=\"application\/ld+json\" class=\"yoast-schema-graph\">{\"@context\":\"https:\/\/schema.org\",\"@graph\":[{\"@type\":\"WebPage\",\"@id\":\"https:\/\/go-dyno.com\/hr\/politika-privatnosti\/\",\"url\":\"https:\/\/go-dyno.com\/hr\/politika-privatnosti\/\",\"name\":\"Politika privatnosti - Dynamometer | Chassis dyno by GoDyno\",\"isPartOf\":{\"@id\":\"https:\/\/go-dyno.com\/hr\/#website\"},\"primaryImageOfPage\":{\"@id\":\"https:\/\/go-dyno.com\/hr\/politika-privatnosti\/#primaryimage\"},\"image\":{\"@id\":\"https:\/\/go-dyno.com\/hr\/politika-privatnosti\/#primaryimage\"},\"thumbnailUrl\":\"https:\/\/go-dyno.com\/wp-content\/uploads\/2025\/05\/GoDyno-dynamometer_chassis_dyno_rolling_road-chiptuning.png\",\"datePublished\":\"2024-10-17T19:26:48+00:00\",\"dateModified\":\"2025-10-06T14:06:00+00:00\",\"breadcrumb\":{\"@id\":\"https:\/\/go-dyno.com\/hr\/politika-privatnosti\/#breadcrumb\"},\"inLanguage\":\"hr\",\"potentialAction\":[{\"@type\":\"ReadAction\",\"target\":[\"https:\/\/go-dyno.com\/hr\/politika-privatnosti\/\"]}]},{\"@type\":\"ImageObject\",\"inLanguage\":\"hr\",\"@id\":\"https:\/\/go-dyno.com\/hr\/politika-privatnosti\/#primaryimage\",\"url\":\"https:\/\/go-dyno.com\/wp-content\/uploads\/2025\/05\/GoDyno-dynamometer_chassis_dyno_rolling_road-chiptuning.png\",\"contentUrl\":\"https:\/\/go-dyno.com\/wp-content\/uploads\/2025\/05\/GoDyno-dynamometer_chassis_dyno_rolling_road-chiptuning.png\",\"width\":1200,\"height\":707,\"caption\":\"GoDyno dinamometri - rolling road - \u0161asijski dyno\"},{\"@type\":\"BreadcrumbList\",\"@id\":\"https:\/\/go-dyno.com\/hr\/politika-privatnosti\/#breadcrumb\",\"itemListElement\":[{\"@type\":\"ListItem\",\"position\":1,\"name\":\"Home\",\"item\":\"https:\/\/go-dyno.com\/hr\/pocetna\/\"},{\"@type\":\"ListItem\",\"position\":2,\"name\":\"Politika privatnosti\"}]},{\"@type\":\"WebSite\",\"@id\":\"https:\/\/go-dyno.com\/hr\/#website\",\"url\":\"https:\/\/go-dyno.com\/hr\/\",\"name\":\"Chassis Dynamometer\",\"description\":\"Chassis Dynamometers - reliable and accurate vehicle dyno measurement. Rolling road For Car, Quad and motorbike. 2WD and 4WD dyno.\",\"publisher\":{\"@id\":\"https:\/\/go-dyno.com\/hr\/#organization\"},\"alternateName\":\"GoDyno Dynamometer\",\"potentialAction\":[{\"@type\":\"SearchAction\",\"target\":{\"@type\":\"EntryPoint\",\"urlTemplate\":\"https:\/\/go-dyno.com\/hr\/?s={search_term_string}\"},\"query-input\":{\"@type\":\"PropertyValueSpecification\",\"valueRequired\":true,\"valueName\":\"search_term_string\"}}],\"inLanguage\":\"hr\"},{\"@type\":\"Organization\",\"@id\":\"https:\/\/go-dyno.com\/hr\/#organization\",\"name\":\"GoDyno\",\"alternateName\":\"GoDyno Dynamometer\",\"url\":\"https:\/\/go-dyno.com\/hr\/\",\"logo\":{\"@type\":\"ImageObject\",\"inLanguage\":\"hr\",\"@id\":\"https:\/\/go-dyno.com\/hr\/#\/schema\/logo\/image\/\",\"url\":\"https:\/\/go-dyno.com\/wp-content\/uploads\/2024\/11\/Icons-130x130px-8.png\",\"contentUrl\":\"https:\/\/go-dyno.com\/wp-content\/uploads\/2024\/11\/Icons-130x130px-8.png\",\"width\":406,\"height\":406,\"caption\":\"GoDyno\"},\"image\":{\"@id\":\"https:\/\/go-dyno.com\/hr\/#\/schema\/logo\/image\/\"},\"sameAs\":[\"https:\/\/www.facebook.com\/carpro.godyno\",\"https:\/\/www.youtube.com\/@carpro.godyno\",\"https:\/\/www.instagram.com\/carpro.godyno\/\",\"https:\/\/www.tiktok.com\/@go.dyno\"]}]}<\/script>\n<!-- \/ Yoast SEO plugin. -->","yoast_head_json":{"title":"Politika privatnosti - Dynamometer | Chassis dyno by GoDyno","robots":{"index":"index","follow":"follow","max-snippet":"max-snippet:-1","max-image-preview":"max-image-preview:large","max-video-preview":"max-video-preview:-1"},"canonical":"https:\/\/go-dyno.com\/hr\/politika-privatnosti\/","og_locale":"hr_HR","og_type":"article","og_title":"Politika privatnosti - Dynamometer | Chassis dyno by GoDyno","og_description":"Politikaprivatnosti U Godynu smo predani za\u0161titi va\u0161e privatnosti i osiguravanju da se s va\u0161im osobnim podacima postupa sigurno i odgovorno. Ova Politika privatnosti opisuje kako prikupljamo, koristimo i \u0161titimo sve informacije koje pru\u017eate prilikom kori\u0161tenja na\u0161e web stranice. Informacije koje prikupljamoMo\u017eemo prikupljati sljede\u0107e vrste informacija: Osobni identifikacijski podaci: Kao \u0161to su va\u0161e ime, adresa e-po\u0161te, [&hellip;]","og_url":"https:\/\/go-dyno.com\/hr\/politika-privatnosti\/","og_site_name":"Dynamometer | Chassis dyno by GoDyno","article_publisher":"https:\/\/www.facebook.com\/carpro.godyno","article_modified_time":"2025-10-06T14:06:00+00:00","og_image":[{"url":"https:\/\/go-dyno.com\/wp-content\/uploads\/2025\/05\/GoDyno-dynamometer_chassis_dyno_rolling_road-chiptuning-1024x603.png","type":"","width":"","height":""}],"twitter_card":"summary_large_image","twitter_misc":{"Procijenjeno vrijeme \u010ditanja":"2 minute"},"schema":{"@context":"https:\/\/schema.org","@graph":[{"@type":"WebPage","@id":"https:\/\/go-dyno.com\/hr\/politika-privatnosti\/","url":"https:\/\/go-dyno.com\/hr\/politika-privatnosti\/","name":"Politika privatnosti - Dynamometer | Chassis dyno by GoDyno","isPartOf":{"@id":"https:\/\/go-dyno.com\/hr\/#website"},"primaryImageOfPage":{"@id":"https:\/\/go-dyno.com\/hr\/politika-privatnosti\/#primaryimage"},"image":{"@id":"https:\/\/go-dyno.com\/hr\/politika-privatnosti\/#primaryimage"},"thumbnailUrl":"https:\/\/go-dyno.com\/wp-content\/uploads\/2025\/05\/GoDyno-dynamometer_chassis_dyno_rolling_road-chiptuning.png","datePublished":"2024-10-17T19:26:48+00:00","dateModified":"2025-10-06T14:06:00+00:00","breadcrumb":{"@id":"https:\/\/go-dyno.com\/hr\/politika-privatnosti\/#breadcrumb"},"inLanguage":"hr","potentialAction":[{"@type":"ReadAction","target":["https:\/\/go-dyno.com\/hr\/politika-privatnosti\/"]}]},{"@type":"ImageObject","inLanguage":"hr","@id":"https:\/\/go-dyno.com\/hr\/politika-privatnosti\/#primaryimage","url":"https:\/\/go-dyno.com\/wp-content\/uploads\/2025\/05\/GoDyno-dynamometer_chassis_dyno_rolling_road-chiptuning.png","contentUrl":"https:\/\/go-dyno.com\/wp-content\/uploads\/2025\/05\/GoDyno-dynamometer_chassis_dyno_rolling_road-chiptuning.png","width":1200,"height":707,"caption":"GoDyno dinamometri - rolling road - \u0161asijski dyno"},{"@type":"BreadcrumbList","@id":"https:\/\/go-dyno.com\/hr\/politika-privatnosti\/#breadcrumb","itemListElement":[{"@type":"ListItem","position":1,"name":"Home","item":"https:\/\/go-dyno.com\/hr\/pocetna\/"},{"@type":"ListItem","position":2,"name":"Politika privatnosti"}]},{"@type":"WebSite","@id":"https:\/\/go-dyno.com\/hr\/#website","url":"https:\/\/go-dyno.com\/hr\/","name":"Chassis Dynamometer","description":"Chassis Dynamometers - reliable and accurate vehicle dyno measurement. Rolling road For Car, Quad and motorbike. 2WD and 4WD dyno.","publisher":{"@id":"https:\/\/go-dyno.com\/hr\/#organization"},"alternateName":"GoDyno Dynamometer","potentialAction":[{"@type":"SearchAction","target":{"@type":"EntryPoint","urlTemplate":"https:\/\/go-dyno.com\/hr\/?s={search_term_string}"},"query-input":{"@type":"PropertyValueSpecification","valueRequired":true,"valueName":"search_term_string"}}],"inLanguage":"hr"},{"@type":"Organization","@id":"https:\/\/go-dyno.com\/hr\/#organization","name":"GoDyno","alternateName":"GoDyno Dynamometer","url":"https:\/\/go-dyno.com\/hr\/","logo":{"@type":"ImageObject","inLanguage":"hr","@id":"https:\/\/go-dyno.com\/hr\/#\/schema\/logo\/image\/","url":"https:\/\/go-dyno.com\/wp-content\/uploads\/2024\/11\/Icons-130x130px-8.png","contentUrl":"https:\/\/go-dyno.com\/wp-content\/uploads\/2024\/11\/Icons-130x130px-8.png","width":406,"height":406,"caption":"GoDyno"},"image":{"@id":"https:\/\/go-dyno.com\/hr\/#\/schema\/logo\/image\/"},"sameAs":["https:\/\/www.facebook.com\/carpro.godyno","https:\/\/www.youtube.com\/@carpro.godyno","https:\/\/www.instagram.com\/carpro.godyno\/","https:\/\/www.tiktok.com\/@go.dyno"]}]}},"_links":{"self":[{"href":"https:\/\/go-dyno.com\/hr\/wp-json\/wp\/v2\/pages\/5374","targetHints":{"allow":["GET"]}}],"collection":[{"href":"https:\/\/go-dyno.com\/hr\/wp-json\/wp\/v2\/pages"}],"about":[{"href":"https:\/\/go-dyno.com\/hr\/wp-json\/wp\/v2\/types\/page"}],"author":[{"embeddable":true,"href":"https:\/\/go-dyno.com\/hr\/wp-json\/wp\/v2\/users\/1"}],"replies":[{"embeddable":true,"href":"https:\/\/go-dyno.com\/hr\/wp-json\/wp\/v2\/comments?post=5374"}],"version-history":[{"count":1,"href":"https:\/\/go-dyno.com\/hr\/wp-json\/wp\/v2\/pages\/5374\/revisions"}],"predecessor-version":[{"id":5376,"href":"https:\/\/go-dyno.com\/hr\/wp-json\/wp\/v2\/pages\/5374\/revisions\/5376"}],"wp:featuredmedia":[{"embeddable":true,"href":"https:\/\/go-dyno.com\/hr\/wp-json\/wp\/v2\/media\/4898"}],"wp:attachment":[{"href":"https:\/\/go-dyno.com\/hr\/wp-json\/wp\/v2\/media?parent=5374"}],"curies":[{"name":"wp","href":"https:\/\/api.w.org\/{rel}","templated":true}]}}